{"id":885,"date":"2019-01-27T20:27:26","date_gmt":"2019-01-27T19:27:26","guid":{"rendered":"http:\/\/www.lenjamade.cz\/?page_id=885"},"modified":"2019-01-27T20:27:26","modified_gmt":"2019-01-27T19:27:26","slug":"keramika-na-klic","status":"publish","type":"page","link":"https:\/\/www.lenjamade.cz\/index.php\/keramika-na-klic\/","title":{"rendered":"Keramika na kl\u00ed\u010d"},"content":{"rendered":"<p>Mo\u017enost keramick\u00e9ho\u00a0 tvo\u0159en\u00ed pro r\u016fzn\u00e9 typy kolektiv\u016f &#8211; nap\u0159. firemn\u00ed akce apod.<\/p>\n<p>Pr\u00e1ce s keramickou hl\u00ednou bez hrn\u010d\u00ed\u0159sk\u00e9ho kruhu.<\/p>\n<p>Celkov\u00e1 cena se odv\u00edj\u00ed od konkr\u00e9tn\u00edch po\u017eadavk\u016f.<\/p>\n<p>V p\u0159\u00edpad\u011b z\u00e1jmu mn\u011b kontaktujte <a href=\"mailto:lenka@janele.net\">mailem\u00a0<\/a><\/p>\n<p>&nbsp;<\/p>\n","protected":false},"excerpt":{"rendered":"<p>Mo\u017enost keramick\u00e9ho\u00a0 tvo\u0159en\u00ed pro r\u016fzn\u00e9 typy kolektiv\u016f &#8211; nap\u0159. firemn\u00ed akce apod. Pr\u00e1ce s keramickou hl\u00ednou bez hrn\u010d\u00ed\u0159sk\u00e9ho kruhu. Celkov\u00e1 cena se odv\u00edj\u00ed od konkr\u00e9tn\u00edch po\u017eadavk\u016f. V p\u0159\u00edpad\u011b z\u00e1jmu mn\u011b kontaktujte mailem\u00a0 &nbsp;<\/p>\n","protected":false},"author":1,"featured_media":0,"parent":0,"menu_order":0,"comment_status":"closed","ping_status":"closed","template":"","meta":{"footnotes":""},"class_list":["post-885","page","type-page","status-publish","hentry"],"_links":{"self":[{"href":"https:\/\/www.lenjamade.cz\/index.php\/wp-json\/wp\/v2\/pages\/885","targetHints":{"allow":["GET"]}}],"collection":[{"href":"https:\/\/www.lenjamade.cz\/index.php\/wp-json\/wp\/v2\/pages"}],"about":[{"href":"https:\/\/www.lenjamade.cz\/index.php\/wp-json\/wp\/v2\/types\/page"}],"author":[{"embeddable":true,"href":"https:\/\/www.lenjamade.cz\/index.php\/wp-json\/wp\/v2\/users\/1"}],"replies":[{"embeddable":true,"href":"https:\/\/www.lenjamade.cz\/index.php\/wp-json\/wp\/v2\/comments?post=885"}],"version-history":[{"count":1,"href":"https:\/\/www.lenjamade.cz\/index.php\/wp-json\/wp\/v2\/pages\/885\/revisions"}],"predecessor-version":[{"id":886,"href":"https:\/\/www.lenjamade.cz\/index.php\/wp-json\/wp\/v2\/pages\/885\/revisions\/886"}],"wp:attachment":[{"href":"https:\/\/www.lenjamade.cz\/index.php\/wp-json\/wp\/v2\/media?parent=885"}],"curies":[{"name":"wp","href":"https:\/\/api.w.org\/{rel}","templated":true}]}}