{"id":45,"date":"2016-10-19T21:13:47","date_gmt":"2016-10-19T19:13:47","guid":{"rendered":"http:\/\/lide.hkfree.org\/~jakub\/servers\/lenjamade.cz\/?page_id=45"},"modified":"2017-02-05T20:24:45","modified_gmt":"2017-02-05T19:24:45","slug":"kontakt","status":"publish","type":"page","link":"https:\/\/www.lenjamade.cz\/index.php\/kontakt\/","title":{"rendered":"Kontakt"},"content":{"rendered":"<p><strong>\u00a0Mgr. Lenka Janelov\u00e1<\/strong><\/p>\n<p><strong>telefon<\/strong>:776 00 75 75<\/p>\n<p><strong>email<\/strong>: lenka @ janele.net<\/p>\n<p><strong>I\u010cO<\/strong>:05394643<\/p>\n<p><strong>\u010d.\u00fa.<\/strong>:\u00a0670100-2214043080\/6210<\/p>\n<p><strong>Adresa<\/strong>: Pra\u017esk\u00e1 3, Hradec Kr\u00e1lov\u00e9 4, 500 04<\/p>\n<p><a href=\"https:\/\/www.facebook.com\/lenjamade\/\" onclick=\"__gaTracker('send', 'event', 'outbound-article', 'https:\/\/www.facebook.com\/lenjamade\/', 'FACEBOOK');\">FACEBOOK<\/a><\/p>\n<p>&nbsp;<\/p>\n<p>&nbsp;<\/p>\n<p>&nbsp;<\/p>\n<p>&nbsp;<\/p>\n<p>&nbsp;<\/p>\n<p>&nbsp;<\/p>\n","protected":false},"excerpt":{"rendered":"<p>\u00a0Mgr. Lenka Janelov\u00e1 telefon:776 00 75 75 email: lenka @ janele.net I\u010cO:05394643 \u010d.\u00fa.:\u00a0670100-2214043080\/6210 Adresa: Pra\u017esk\u00e1 3, Hradec Kr\u00e1lov\u00e9 4, 500 04 FACEBOOK &nbsp; &nbsp; &nbsp; &nbsp; &nbsp; &nbsp;<\/p>\n","protected":false},"author":1,"featured_media":0,"parent":0,"menu_order":0,"comment_status":"closed","ping_status":"closed","template":"","meta":{"footnotes":""},"class_list":["post-45","page","type-page","status-publish","hentry"],"_links":{"self":[{"href":"https:\/\/www.lenjamade.cz\/index.php\/wp-json\/wp\/v2\/pages\/45","targetHints":{"allow":["GET"]}}],"collection":[{"href":"https:\/\/www.lenjamade.cz\/index.php\/wp-json\/wp\/v2\/pages"}],"about":[{"href":"https:\/\/www.lenjamade.cz\/index.php\/wp-json\/wp\/v2\/types\/page"}],"author":[{"embeddable":true,"href":"https:\/\/www.lenjamade.cz\/index.php\/wp-json\/wp\/v2\/users\/1"}],"replies":[{"embeddable":true,"href":"https:\/\/www.lenjamade.cz\/index.php\/wp-json\/wp\/v2\/comments?post=45"}],"version-history":[{"count":5,"href":"https:\/\/www.lenjamade.cz\/index.php\/wp-json\/wp\/v2\/pages\/45\/revisions"}],"predecessor-version":[{"id":323,"href":"https:\/\/www.lenjamade.cz\/index.php\/wp-json\/wp\/v2\/pages\/45\/revisions\/323"}],"wp:attachment":[{"href":"https:\/\/www.lenjamade.cz\/index.php\/wp-json\/wp\/v2\/media?parent=45"}],"curies":[{"name":"wp","href":"https:\/\/api.w.org\/{rel}","templated":true}]}}