{"id":277,"date":"2016-10-26T21:48:14","date_gmt":"2016-10-26T19:48:14","guid":{"rendered":"http:\/\/lide.hkfree.org\/~jakub\/servers\/lenjamade.cz\/?page_id=277"},"modified":"2024-03-08T15:00:28","modified_gmt":"2024-03-08T14:00:28","slug":"vypal-keramiky","status":"publish","type":"page","link":"https:\/\/www.lenjamade.cz\/index.php\/vypal-keramiky\/","title":{"rendered":"V\u00fdpal keramiky"},"content":{"rendered":"<p>Nab\u00edz\u00edm mo\u017enost pron\u00e1jmu keramick\u00e9 pece k v\u00fdpalu v Hradci Kr\u00e1lov\u00e9.<\/p>\n<p><strong> Typ<\/strong>: Kittec X 75S<\/p>\n<p><strong>Objem pece<\/strong>: 75l<\/p>\n<p><strong>Vnit\u0159n\u00ed rozm\u011bry pece<\/strong>: pr\u016fm\u011br 43 cm, v\u00fd\u0161ka 55 cm<\/p>\n<p><strong>Teplota v\u00fdpalu<\/strong>: max. 1200 stup\u0148\u016f<\/p>\n<p><strong>Cena v\u00fdpalu<\/strong>:<\/p>\n<p><strong>p\u0159e\u017eah<\/strong>: 1000 K\u010d<\/p>\n<p><strong>ostr\u00fd v\u00fdpal<\/strong>: 1500 K\u010d<\/p>\n<p>Materi\u00e1l a glazury je nutn\u00e9 konzultovat p\u0159edem.<\/p>\n<p>Ve\u0161ker\u00e9 \u0161kody na peci, kter\u00e9 vzniknou nevhodnou konstrukc\u00ed v\u00fdrobku nebo glazur hrad\u00ed objednavatel.<\/p>\n","protected":false},"excerpt":{"rendered":"<p>Nab\u00edz\u00edm mo\u017enost pron\u00e1jmu keramick\u00e9 pece k v\u00fdpalu v Hradci Kr\u00e1lov\u00e9. Typ: Kittec X 75S Objem pece: 75l Vnit\u0159n\u00ed rozm\u011bry pece: pr\u016fm\u011br 43 cm, v\u00fd\u0161ka 55 cm Teplota v\u00fdpalu: max. 1200 stup\u0148\u016f Cena v\u00fdpalu: p\u0159e\u017eah: 1000 K\u010d ostr\u00fd v\u00fdpal: 1500 K\u010d Materi\u00e1l a glazury je nutn\u00e9 konzultovat p\u0159edem. Ve\u0161ker\u00e9 \u0161kody na peci, kter\u00e9 vzniknou nevhodnou konstrukc\u00ed &hellip; <\/p>\n<p class=\"link-more\"><a href=\"https:\/\/www.lenjamade.cz\/index.php\/vypal-keramiky\/\" class=\"more-link\">Continue reading<span class=\"screen-reader-text\"> &#8220;V\u00fdpal keramiky&#8221;<\/span><\/a><\/p>\n","protected":false},"author":1,"featured_media":0,"parent":0,"menu_order":0,"comment_status":"closed","ping_status":"closed","template":"","meta":{"footnotes":""},"class_list":["post-277","page","type-page","status-publish","hentry"],"_links":{"self":[{"href":"https:\/\/www.lenjamade.cz\/index.php\/wp-json\/wp\/v2\/pages\/277","targetHints":{"allow":["GET"]}}],"collection":[{"href":"https:\/\/www.lenjamade.cz\/index.php\/wp-json\/wp\/v2\/pages"}],"about":[{"href":"https:\/\/www.lenjamade.cz\/index.php\/wp-json\/wp\/v2\/types\/page"}],"author":[{"embeddable":true,"href":"https:\/\/www.lenjamade.cz\/index.php\/wp-json\/wp\/v2\/users\/1"}],"replies":[{"embeddable":true,"href":"https:\/\/www.lenjamade.cz\/index.php\/wp-json\/wp\/v2\/comments?post=277"}],"version-history":[{"count":8,"href":"https:\/\/www.lenjamade.cz\/index.php\/wp-json\/wp\/v2\/pages\/277\/revisions"}],"predecessor-version":[{"id":1661,"href":"https:\/\/www.lenjamade.cz\/index.php\/wp-json\/wp\/v2\/pages\/277\/revisions\/1661"}],"wp:attachment":[{"href":"https:\/\/www.lenjamade.cz\/index.php\/wp-json\/wp\/v2\/media?parent=277"}],"curies":[{"name":"wp","href":"https:\/\/api.w.org\/{rel}","templated":true}]}}