{"id":2,"date":"2016-10-19T18:34:25","date_gmt":"2016-10-19T18:34:25","guid":{"rendered":"http:\/\/lide.hkfree.org\/~jakub\/servers\/lenjamade.cz\/?page_id=2"},"modified":"2019-01-28T21:49:37","modified_gmt":"2019-01-28T20:49:37","slug":"sample-page","status":"publish","type":"page","link":"https:\/\/www.lenjamade.cz\/index.php\/sample-page\/","title":{"rendered":"O mn\u011b"},"content":{"rendered":"<p>N\u011bco o mn\u011b? Jmenuji se Lenka a m\u00e1m doma dva kluky 15 a 12 let.<\/p>\n<p>V podstat\u011b od mala m\u00e1m r\u00e1da tvo\u0159en\u00ed a vyr\u00e1b\u011bn\u00ed v\u0161eho druhu. Zejm\u00e9na keramika je m\u00fdm velk\u00fdm kon\u00ed\u010dkem. Ale i dal\u0161\u00ed ru\u010dn\u00ed pr\u00e1ce m\u011b bav\u00ed: \u0161it\u00ed, h\u00e1\u010dkov\u00e1n\u00ed, dr\u00e1tov\u00e1n\u00ed, ko\u0161\u00edka\u0159stv\u00ed &#8230;<\/p>\n<p>M\u011bla jsem to \u0161t\u011bst\u00ed,\u00a0 \u017ee m\u016fj kon\u00ed\u010dek byl velmi dlouhou dobu i moj\u00ed prac\u00ed.\u00a0 Pracovala jsem\u00a0 v\u00a0Dom\u011b d\u011bt\u00ed a ml\u00e1de\u017ee,\u00a0 kde jsem vedla nejenom krou\u017eky keramiky pro d\u011bti, ale i r\u016fzn\u00e9 krou\u017eky v\u00fdtvarn\u00e9ho zam\u011b\u0159en\u00ed.<\/p>\n<p>Keramick\u00e9 krou\u017eky vedu\u00a0 i pro p\u0159ed\u0161koln\u00ed d\u011bti p\u0159\u00edmo v\u00a0jednotliv\u00fdch mate\u0159sk\u00fdch \u0161kol\u00e1ch. A i u\u017e \u0161kolou nepovinn\u00ed maj\u00ed u m\u011b \u0161anci relaxovat s\u00a0hl\u00ednou.<\/p>\n<p>M\u00e1m to \u0161t\u011bst\u00ed, \u017ee se mi poda\u0159ilo vybudovat keramickou d\u00edlnu p\u0159\u00edmo u m\u011b v dom\u011b a keramick\u00e9 zku\u0161enosti m\u016f\u017eu p\u0159ed\u00e1vat d\u00e1l.<\/p>\n<p>Prvn\u00ed v\u00fdrobky m\u00e9ho tvo\u0159en\u00ed byly ur\u010deny m\u00fdm nejbli\u017e\u0161\u00edm \u2013 rodin\u011b a kamar\u00e1dk\u00e1m a zn\u00e1m\u00fdm. Aby se moje v\u00fdrobky dostaly i k\u00a0dal\u0161\u00edm lidem, rozhodla jsem se vytvo\u0159it si str\u00e1nky.<\/p>\n<p>Na m\u00fdch str\u00e1nk\u00e1ch najdete nejen moje v\u00fdrobky, kter\u00e9 jsou k\u00a0m\u00e1n\u00ed nebo kter\u00e9 jsem vytvo\u0159ila na p\u0159\u00e1n\u00ed. Jestli V\u00e1s n\u011bco zaujme nebo m\u00e1te svoje vlastn\u00ed speci\u00e1ln\u00ed p\u0159\u00e1n\u00ed, nebojte se m\u011b kontaktovat, m\u016f\u017eeme se domluvit.<\/p>\n<p>Na str\u00e1nk\u00e1ch budu tak\u00e9 zve\u0159ej\u0148ovat informace ohledn\u011b jednotliv\u00fdch kurz\u016f, kter\u00e9 pr\u00e1v\u011b prob\u00edhaj\u00ed nebo budou prob\u00edhat.<\/p>\n<p>Tvo\u0159en\u00ed mi p\u0159in\u00e1\u0161\u00ed radost a douf\u00e1m, \u017ee moje v\u00fdrobky p\u0159inesou radost i V\u00e1m \ud83d\ude42<\/p>\n<p>&nbsp;<\/p>\n<p><img loading=\"lazy\" decoding=\"async\" class=\"aligncenter size-medium wp-image-887\" src=\"http:\/\/lide.hkfree.org\/~jakub\/servers\/lenjamade.cz\/wp-content\/uploads\/2016\/10\/83597581-b3cb-487e-9641-546cb04b523e-225x300.jpg\" alt=\"83597581-b3cb-487e-9641-546cb04b523e\" width=\"225\" height=\"300\" srcset=\"https:\/\/www.lenjamade.cz\/wp-content\/uploads\/2016\/10\/83597581-b3cb-487e-9641-546cb04b523e-225x300.jpg 225w, https:\/\/www.lenjamade.cz\/wp-content\/uploads\/2016\/10\/83597581-b3cb-487e-9641-546cb04b523e-300x400.jpg 300w, https:\/\/www.lenjamade.cz\/wp-content\/uploads\/2016\/10\/83597581-b3cb-487e-9641-546cb04b523e.jpg 608w\" sizes=\"auto, (max-width: 225px) 100vw, 225px\" \/><\/p>\n<p>&nbsp;<\/p>\n<p>&nbsp;<\/p>\n","protected":false},"excerpt":{"rendered":"<p>N\u011bco o mn\u011b? Jmenuji se Lenka a m\u00e1m doma dva kluky 15 a 12 let. V podstat\u011b od mala m\u00e1m r\u00e1da tvo\u0159en\u00ed a vyr\u00e1b\u011bn\u00ed v\u0161eho druhu. Zejm\u00e9na keramika je m\u00fdm velk\u00fdm kon\u00ed\u010dkem. Ale i dal\u0161\u00ed ru\u010dn\u00ed pr\u00e1ce m\u011b bav\u00ed: \u0161it\u00ed, h\u00e1\u010dkov\u00e1n\u00ed, dr\u00e1tov\u00e1n\u00ed, ko\u0161\u00edka\u0159stv\u00ed &#8230; M\u011bla jsem to \u0161t\u011bst\u00ed,\u00a0 \u017ee m\u016fj kon\u00ed\u010dek byl velmi dlouhou dobu &hellip; <\/p>\n<p class=\"link-more\"><a href=\"https:\/\/www.lenjamade.cz\/index.php\/sample-page\/\" class=\"more-link\">Continue reading<span class=\"screen-reader-text\"> &#8220;O mn\u011b&#8221;<\/span><\/a><\/p>\n","protected":false},"author":1,"featured_media":0,"parent":0,"menu_order":0,"comment_status":"closed","ping_status":"open","template":"","meta":{"footnotes":""},"class_list":["post-2","page","type-page","status-publish","hentry"],"_links":{"self":[{"href":"https:\/\/www.lenjamade.cz\/index.php\/wp-json\/wp\/v2\/pages\/2","targetHints":{"allow":["GET"]}}],"collection":[{"href":"https:\/\/www.lenjamade.cz\/index.php\/wp-json\/wp\/v2\/pages"}],"about":[{"href":"https:\/\/www.lenjamade.cz\/index.php\/wp-json\/wp\/v2\/types\/page"}],"author":[{"embeddable":true,"href":"https:\/\/www.lenjamade.cz\/index.php\/wp-json\/wp\/v2\/users\/1"}],"replies":[{"embeddable":true,"href":"https:\/\/www.lenjamade.cz\/index.php\/wp-json\/wp\/v2\/comments?post=2"}],"version-history":[{"count":7,"href":"https:\/\/www.lenjamade.cz\/index.php\/wp-json\/wp\/v2\/pages\/2\/revisions"}],"predecessor-version":[{"id":889,"href":"https:\/\/www.lenjamade.cz\/index.php\/wp-json\/wp\/v2\/pages\/2\/revisions\/889"}],"wp:attachment":[{"href":"https:\/\/www.lenjamade.cz\/index.php\/wp-json\/wp\/v2\/media?parent=2"}],"curies":[{"name":"wp","href":"https:\/\/api.w.org\/{rel}","templated":true}]}}