{"id":1438,"date":"2020-11-17T17:37:38","date_gmt":"2020-11-17T16:37:38","guid":{"rendered":"http:\/\/www.lenjamade.cz\/?page_id=1438"},"modified":"2020-11-17T17:43:22","modified_gmt":"2020-11-17T16:43:22","slug":"domecky","status":"publish","type":"page","link":"https:\/\/www.lenjamade.cz\/index.php\/domecky\/","title":{"rendered":"Dome\u010dky"},"content":{"rendered":"\n<p>V\u0161e k zakoupen\u00ed v m\u00e9m <a href=\"https:\/\/www.facebook.com\/lenjamade\/shop\/?ref_code=mini_shop_page_card_cta&amp;ref_surface=page\" onclick=\"__gaTracker('send', 'event', 'outbound-article', 'https:\/\/www.facebook.com\/lenjamade\/shop\/?ref_code=mini_shop_page_card_cta&amp;ref_surface=page', 'Facebokov\u00e9m obchod\u011b');\">Facebokov\u00e9m obchod\u011b<\/a><\/p>\n\n\n\n<figure class=\"wp-block-gallery columns-3 is-cropped wp-block-gallery-1 is-layout-flex wp-block-gallery-is-layout-flex\"><ul class=\"blocks-gallery-grid\"><li class=\"blocks-gallery-item\"><figure><img loading=\"lazy\" decoding=\"async\" width=\"1024\" height=\"1024\" src=\"https:\/\/www.lenjamade.cz\/wp-content\/uploads\/2020\/11\/IMG_2500-1024x1024.jpg\" alt=\"\" data-id=\"1031\" data-full-url=\"https:\/\/www.lenjamade.cz\/wp-content\/uploads\/2020\/11\/IMG_2500-scaled.jpg\" data-link=\"http:\/\/www.lenjamade.cz\/img_2500\/\" class=\"wp-image-1031\" srcset=\"https:\/\/www.lenjamade.cz\/wp-content\/uploads\/2020\/11\/IMG_2500-1024x1024.jpg 1024w, https:\/\/www.lenjamade.cz\/wp-content\/uploads\/2020\/11\/IMG_2500-300x300.jpg 300w, https:\/\/www.lenjamade.cz\/wp-content\/uploads\/2020\/11\/IMG_2500-150x150.jpg 150w, https:\/\/www.lenjamade.cz\/wp-content\/uploads\/2020\/11\/IMG_2500-768x768.jpg 768w, https:\/\/www.lenjamade.cz\/wp-content\/uploads\/2020\/11\/IMG_2500-1536x1536.jpg 1536w, https:\/\/www.lenjamade.cz\/wp-content\/uploads\/2020\/11\/IMG_2500-2048x2048.jpg 2048w, https:\/\/www.lenjamade.cz\/wp-content\/uploads\/2020\/11\/IMG_2500-100x100.jpg 100w\" sizes=\"auto, (max-width: 706px) 89vw, (max-width: 767px) 82vw, 740px\" \/><\/figure><\/li><li class=\"blocks-gallery-item\"><figure><img loading=\"lazy\" decoding=\"async\" width=\"1024\" height=\"1024\" src=\"https:\/\/www.lenjamade.cz\/wp-content\/uploads\/2020\/11\/IMG_2499-1024x1024.jpg\" alt=\"\" data-id=\"1030\" data-full-url=\"https:\/\/www.lenjamade.cz\/wp-content\/uploads\/2020\/11\/IMG_2499-scaled.jpg\" data-link=\"http:\/\/www.lenjamade.cz\/img_2499\/\" class=\"wp-image-1030\" srcset=\"https:\/\/www.lenjamade.cz\/wp-content\/uploads\/2020\/11\/IMG_2499-1024x1024.jpg 1024w, https:\/\/www.lenjamade.cz\/wp-content\/uploads\/2020\/11\/IMG_2499-300x300.jpg 300w, https:\/\/www.lenjamade.cz\/wp-content\/uploads\/2020\/11\/IMG_2499-150x150.jpg 150w, https:\/\/www.lenjamade.cz\/wp-content\/uploads\/2020\/11\/IMG_2499-768x768.jpg 768w, https:\/\/www.lenjamade.cz\/wp-content\/uploads\/2020\/11\/IMG_2499-1536x1536.jpg 1536w, https:\/\/www.lenjamade.cz\/wp-content\/uploads\/2020\/11\/IMG_2499-2048x2048.jpg 2048w, https:\/\/www.lenjamade.cz\/wp-content\/uploads\/2020\/11\/IMG_2499-100x100.jpg 100w\" sizes=\"auto, (max-width: 706px) 89vw, (max-width: 767px) 82vw, 740px\" \/><\/figure><\/li><li class=\"blocks-gallery-item\"><figure><img loading=\"lazy\" decoding=\"async\" width=\"1024\" height=\"1024\" src=\"https:\/\/www.lenjamade.cz\/wp-content\/uploads\/2020\/11\/IMG_2498-1024x1024.jpg\" alt=\"\" data-id=\"1029\" data-full-url=\"https:\/\/www.lenjamade.cz\/wp-content\/uploads\/2020\/11\/IMG_2498-scaled.jpg\" data-link=\"http:\/\/www.lenjamade.cz\/img_2498\/\" class=\"wp-image-1029\" srcset=\"https:\/\/www.lenjamade.cz\/wp-content\/uploads\/2020\/11\/IMG_2498-1024x1024.jpg 1024w, https:\/\/www.lenjamade.cz\/wp-content\/uploads\/2020\/11\/IMG_2498-300x300.jpg 300w, https:\/\/www.lenjamade.cz\/wp-content\/uploads\/2020\/11\/IMG_2498-150x150.jpg 150w, https:\/\/www.lenjamade.cz\/wp-content\/uploads\/2020\/11\/IMG_2498-768x768.jpg 768w, https:\/\/www.lenjamade.cz\/wp-content\/uploads\/2020\/11\/IMG_2498-1536x1536.jpg 1536w, https:\/\/www.lenjamade.cz\/wp-content\/uploads\/2020\/11\/IMG_2498-2048x2048.jpg 2048w, https:\/\/www.lenjamade.cz\/wp-content\/uploads\/2020\/11\/IMG_2498-100x100.jpg 100w\" sizes=\"auto, (max-width: 706px) 89vw, (max-width: 767px) 82vw, 740px\" \/><\/figure><\/li><li class=\"blocks-gallery-item\"><figure><img loading=\"lazy\" decoding=\"async\" width=\"1024\" height=\"1024\" src=\"https:\/\/www.lenjamade.cz\/wp-content\/uploads\/2020\/11\/IMG_2497-1024x1024.jpg\" alt=\"\" data-id=\"1028\" data-full-url=\"https:\/\/www.lenjamade.cz\/wp-content\/uploads\/2020\/11\/IMG_2497-scaled.jpg\" data-link=\"http:\/\/www.lenjamade.cz\/img_2497\/\" class=\"wp-image-1028\" srcset=\"https:\/\/www.lenjamade.cz\/wp-content\/uploads\/2020\/11\/IMG_2497-1024x1024.jpg 1024w, https:\/\/www.lenjamade.cz\/wp-content\/uploads\/2020\/11\/IMG_2497-300x300.jpg 300w, https:\/\/www.lenjamade.cz\/wp-content\/uploads\/2020\/11\/IMG_2497-150x150.jpg 150w, https:\/\/www.lenjamade.cz\/wp-content\/uploads\/2020\/11\/IMG_2497-768x768.jpg 768w, https:\/\/www.lenjamade.cz\/wp-content\/uploads\/2020\/11\/IMG_2497-1536x1536.jpg 1536w, https:\/\/www.lenjamade.cz\/wp-content\/uploads\/2020\/11\/IMG_2497-2048x2048.jpg 2048w, https:\/\/www.lenjamade.cz\/wp-content\/uploads\/2020\/11\/IMG_2497-100x100.jpg 100w\" sizes=\"auto, (max-width: 706px) 89vw, (max-width: 767px) 82vw, 740px\" \/><\/figure><\/li><li class=\"blocks-gallery-item\"><figure><img loading=\"lazy\" decoding=\"async\" width=\"1024\" height=\"1024\" src=\"https:\/\/www.lenjamade.cz\/wp-content\/uploads\/2020\/11\/IMG_2496-1024x1024.jpg\" alt=\"\" data-id=\"1027\" data-full-url=\"https:\/\/www.lenjamade.cz\/wp-content\/uploads\/2020\/11\/IMG_2496-scaled.jpg\" data-link=\"http:\/\/www.lenjamade.cz\/img_2496\/\" class=\"wp-image-1027\" srcset=\"https:\/\/www.lenjamade.cz\/wp-content\/uploads\/2020\/11\/IMG_2496-1024x1024.jpg 1024w, https:\/\/www.lenjamade.cz\/wp-content\/uploads\/2020\/11\/IMG_2496-300x300.jpg 300w, https:\/\/www.lenjamade.cz\/wp-content\/uploads\/2020\/11\/IMG_2496-150x150.jpg 150w, https:\/\/www.lenjamade.cz\/wp-content\/uploads\/2020\/11\/IMG_2496-768x768.jpg 768w, https:\/\/www.lenjamade.cz\/wp-content\/uploads\/2020\/11\/IMG_2496-1536x1536.jpg 1536w, https:\/\/www.lenjamade.cz\/wp-content\/uploads\/2020\/11\/IMG_2496-2048x2048.jpg 2048w, https:\/\/www.lenjamade.cz\/wp-content\/uploads\/2020\/11\/IMG_2496-100x100.jpg 100w\" sizes=\"auto, (max-width: 706px) 89vw, (max-width: 767px) 82vw, 740px\" \/><\/figure><\/li><li class=\"blocks-gallery-item\"><figure><img loading=\"lazy\" decoding=\"async\" width=\"1024\" height=\"1024\" src=\"https:\/\/www.lenjamade.cz\/wp-content\/uploads\/2020\/11\/IMG_2495-1024x1024.jpg\" alt=\"\" data-id=\"1026\" data-full-url=\"https:\/\/www.lenjamade.cz\/wp-content\/uploads\/2020\/11\/IMG_2495-scaled.jpg\" data-link=\"http:\/\/www.lenjamade.cz\/img_2495\/\" class=\"wp-image-1026\" srcset=\"https:\/\/www.lenjamade.cz\/wp-content\/uploads\/2020\/11\/IMG_2495-1024x1024.jpg 1024w, https:\/\/www.lenjamade.cz\/wp-content\/uploads\/2020\/11\/IMG_2495-300x300.jpg 300w, https:\/\/www.lenjamade.cz\/wp-content\/uploads\/2020\/11\/IMG_2495-150x150.jpg 150w, https:\/\/www.lenjamade.cz\/wp-content\/uploads\/2020\/11\/IMG_2495-768x768.jpg 768w, https:\/\/www.lenjamade.cz\/wp-content\/uploads\/2020\/11\/IMG_2495-1536x1536.jpg 1536w, https:\/\/www.lenjamade.cz\/wp-content\/uploads\/2020\/11\/IMG_2495-2048x2048.jpg 2048w, https:\/\/www.lenjamade.cz\/wp-content\/uploads\/2020\/11\/IMG_2495-100x100.jpg 100w\" sizes=\"auto, (max-width: 706px) 89vw, (max-width: 767px) 82vw, 740px\" \/><\/figure><\/li><li class=\"blocks-gallery-item\"><figure><img loading=\"lazy\" decoding=\"async\" width=\"1024\" height=\"1024\" src=\"https:\/\/www.lenjamade.cz\/wp-content\/uploads\/2020\/11\/IMG_2494-1024x1024.jpg\" alt=\"\" data-id=\"1025\" data-full-url=\"https:\/\/www.lenjamade.cz\/wp-content\/uploads\/2020\/11\/IMG_2494-scaled.jpg\" data-link=\"http:\/\/www.lenjamade.cz\/img_2494\/\" class=\"wp-image-1025\" srcset=\"https:\/\/www.lenjamade.cz\/wp-content\/uploads\/2020\/11\/IMG_2494-1024x1024.jpg 1024w, https:\/\/www.lenjamade.cz\/wp-content\/uploads\/2020\/11\/IMG_2494-300x300.jpg 300w, https:\/\/www.lenjamade.cz\/wp-content\/uploads\/2020\/11\/IMG_2494-150x150.jpg 150w, https:\/\/www.lenjamade.cz\/wp-content\/uploads\/2020\/11\/IMG_2494-768x768.jpg 768w, https:\/\/www.lenjamade.cz\/wp-content\/uploads\/2020\/11\/IMG_2494-1536x1536.jpg 1536w, https:\/\/www.lenjamade.cz\/wp-content\/uploads\/2020\/11\/IMG_2494-2048x2048.jpg 2048w, https:\/\/www.lenjamade.cz\/wp-content\/uploads\/2020\/11\/IMG_2494-100x100.jpg 100w\" sizes=\"auto, (max-width: 706px) 89vw, (max-width: 767px) 82vw, 740px\" \/><\/figure><\/li><li class=\"blocks-gallery-item\"><figure><img loading=\"lazy\" decoding=\"async\" width=\"1024\" height=\"1024\" src=\"https:\/\/www.lenjamade.cz\/wp-content\/uploads\/2020\/11\/IMG_2493-1024x1024.jpg\" alt=\"\" data-id=\"1024\" data-full-url=\"https:\/\/www.lenjamade.cz\/wp-content\/uploads\/2020\/11\/IMG_2493-scaled.jpg\" data-link=\"http:\/\/www.lenjamade.cz\/img_2493\/\" class=\"wp-image-1024\" srcset=\"https:\/\/www.lenjamade.cz\/wp-content\/uploads\/2020\/11\/IMG_2493-1024x1024.jpg 1024w, https:\/\/www.lenjamade.cz\/wp-content\/uploads\/2020\/11\/IMG_2493-300x300.jpg 300w, https:\/\/www.lenjamade.cz\/wp-content\/uploads\/2020\/11\/IMG_2493-150x150.jpg 150w, https:\/\/www.lenjamade.cz\/wp-content\/uploads\/2020\/11\/IMG_2493-768x768.jpg 768w, https:\/\/www.lenjamade.cz\/wp-content\/uploads\/2020\/11\/IMG_2493-1536x1536.jpg 1536w, https:\/\/www.lenjamade.cz\/wp-content\/uploads\/2020\/11\/IMG_2493-2048x2048.jpg 2048w, https:\/\/www.lenjamade.cz\/wp-content\/uploads\/2020\/11\/IMG_2493-100x100.jpg 100w\" sizes=\"auto, (max-width: 706px) 89vw, (max-width: 767px) 82vw, 740px\" \/><\/figure><\/li><li class=\"blocks-gallery-item\"><figure><img loading=\"lazy\" decoding=\"async\" width=\"1024\" height=\"1024\" src=\"https:\/\/www.lenjamade.cz\/wp-content\/uploads\/2020\/11\/IMG_2492-1024x1024.jpg\" alt=\"\" data-id=\"1023\" data-full-url=\"https:\/\/www.lenjamade.cz\/wp-content\/uploads\/2020\/11\/IMG_2492-scaled.jpg\" data-link=\"http:\/\/www.lenjamade.cz\/img_2492\/\" class=\"wp-image-1023\" srcset=\"https:\/\/www.lenjamade.cz\/wp-content\/uploads\/2020\/11\/IMG_2492-1024x1024.jpg 1024w, https:\/\/www.lenjamade.cz\/wp-content\/uploads\/2020\/11\/IMG_2492-300x300.jpg 300w, https:\/\/www.lenjamade.cz\/wp-content\/uploads\/2020\/11\/IMG_2492-150x150.jpg 150w, https:\/\/www.lenjamade.cz\/wp-content\/uploads\/2020\/11\/IMG_2492-768x768.jpg 768w, https:\/\/www.lenjamade.cz\/wp-content\/uploads\/2020\/11\/IMG_2492-1536x1536.jpg 1536w, https:\/\/www.lenjamade.cz\/wp-content\/uploads\/2020\/11\/IMG_2492-2048x2048.jpg 2048w, https:\/\/www.lenjamade.cz\/wp-content\/uploads\/2020\/11\/IMG_2492-100x100.jpg 100w\" sizes=\"auto, (max-width: 706px) 89vw, (max-width: 767px) 82vw, 740px\" \/><\/figure><\/li><li class=\"blocks-gallery-item\"><figure><img loading=\"lazy\" decoding=\"async\" width=\"1024\" height=\"1024\" src=\"https:\/\/www.lenjamade.cz\/wp-content\/uploads\/2020\/11\/IMG_2491-1024x1024.jpg\" alt=\"\" data-id=\"1022\" data-full-url=\"https:\/\/www.lenjamade.cz\/wp-content\/uploads\/2020\/11\/IMG_2491-scaled.jpg\" data-link=\"http:\/\/www.lenjamade.cz\/img_2491\/\" class=\"wp-image-1022\" srcset=\"https:\/\/www.lenjamade.cz\/wp-content\/uploads\/2020\/11\/IMG_2491-1024x1024.jpg 1024w, https:\/\/www.lenjamade.cz\/wp-content\/uploads\/2020\/11\/IMG_2491-300x300.jpg 300w, https:\/\/www.lenjamade.cz\/wp-content\/uploads\/2020\/11\/IMG_2491-150x150.jpg 150w, https:\/\/www.lenjamade.cz\/wp-content\/uploads\/2020\/11\/IMG_2491-768x768.jpg 768w, https:\/\/www.lenjamade.cz\/wp-content\/uploads\/2020\/11\/IMG_2491-1536x1536.jpg 1536w, https:\/\/www.lenjamade.cz\/wp-content\/uploads\/2020\/11\/IMG_2491-2048x2048.jpg 2048w, https:\/\/www.lenjamade.cz\/wp-content\/uploads\/2020\/11\/IMG_2491-100x100.jpg 100w\" sizes=\"auto, (max-width: 706px) 89vw, (max-width: 767px) 82vw, 740px\" \/><\/figure><\/li><li class=\"blocks-gallery-item\"><figure><img loading=\"lazy\" decoding=\"async\" width=\"1024\" height=\"1024\" src=\"https:\/\/www.lenjamade.cz\/wp-content\/uploads\/2020\/11\/IMG_2490-1024x1024.jpg\" alt=\"\" data-id=\"1021\" data-full-url=\"https:\/\/www.lenjamade.cz\/wp-content\/uploads\/2020\/11\/IMG_2490-scaled.jpg\" data-link=\"http:\/\/www.lenjamade.cz\/img_2490\/\" class=\"wp-image-1021\" srcset=\"https:\/\/www.lenjamade.cz\/wp-content\/uploads\/2020\/11\/IMG_2490-1024x1024.jpg 1024w, https:\/\/www.lenjamade.cz\/wp-content\/uploads\/2020\/11\/IMG_2490-300x300.jpg 300w, https:\/\/www.lenjamade.cz\/wp-content\/uploads\/2020\/11\/IMG_2490-150x150.jpg 150w, https:\/\/www.lenjamade.cz\/wp-content\/uploads\/2020\/11\/IMG_2490-768x768.jpg 768w, https:\/\/www.lenjamade.cz\/wp-content\/uploads\/2020\/11\/IMG_2490-1536x1536.jpg 1536w, https:\/\/www.lenjamade.cz\/wp-content\/uploads\/2020\/11\/IMG_2490-2048x2048.jpg 2048w, https:\/\/www.lenjamade.cz\/wp-content\/uploads\/2020\/11\/IMG_2490-100x100.jpg 100w\" sizes=\"auto, (max-width: 706px) 89vw, (max-width: 767px) 82vw, 740px\" \/><\/figure><\/li><li class=\"blocks-gallery-item\"><figure><img loading=\"lazy\" decoding=\"async\" width=\"1024\" height=\"1024\" src=\"https:\/\/www.lenjamade.cz\/wp-content\/uploads\/2020\/11\/IMG_2489-1024x1024.jpg\" alt=\"\" data-id=\"1020\" data-full-url=\"https:\/\/www.lenjamade.cz\/wp-content\/uploads\/2020\/11\/IMG_2489-scaled.jpg\" data-link=\"http:\/\/www.lenjamade.cz\/img_2489\/\" class=\"wp-image-1020\" srcset=\"https:\/\/www.lenjamade.cz\/wp-content\/uploads\/2020\/11\/IMG_2489-1024x1024.jpg 1024w, https:\/\/www.lenjamade.cz\/wp-content\/uploads\/2020\/11\/IMG_2489-300x300.jpg 300w, https:\/\/www.lenjamade.cz\/wp-content\/uploads\/2020\/11\/IMG_2489-150x150.jpg 150w, https:\/\/www.lenjamade.cz\/wp-content\/uploads\/2020\/11\/IMG_2489-768x768.jpg 768w, https:\/\/www.lenjamade.cz\/wp-content\/uploads\/2020\/11\/IMG_2489-1536x1536.jpg 1536w, https:\/\/www.lenjamade.cz\/wp-content\/uploads\/2020\/11\/IMG_2489-2048x2048.jpg 2048w, https:\/\/www.lenjamade.cz\/wp-content\/uploads\/2020\/11\/IMG_2489-100x100.jpg 100w\" sizes=\"auto, (max-width: 706px) 89vw, (max-width: 767px) 82vw, 740px\" \/><\/figure><\/li><li class=\"blocks-gallery-item\"><figure><img loading=\"lazy\" decoding=\"async\" width=\"1024\" height=\"1024\" src=\"https:\/\/www.lenjamade.cz\/wp-content\/uploads\/2020\/11\/IMG_2488-1024x1024.jpg\" alt=\"\" data-id=\"1019\" data-full-url=\"https:\/\/www.lenjamade.cz\/wp-content\/uploads\/2020\/11\/IMG_2488-scaled.jpg\" data-link=\"http:\/\/www.lenjamade.cz\/img_2488\/\" class=\"wp-image-1019\" srcset=\"https:\/\/www.lenjamade.cz\/wp-content\/uploads\/2020\/11\/IMG_2488-1024x1024.jpg 1024w, https:\/\/www.lenjamade.cz\/wp-content\/uploads\/2020\/11\/IMG_2488-300x300.jpg 300w, https:\/\/www.lenjamade.cz\/wp-content\/uploads\/2020\/11\/IMG_2488-150x150.jpg 150w, https:\/\/www.lenjamade.cz\/wp-content\/uploads\/2020\/11\/IMG_2488-768x768.jpg 768w, https:\/\/www.lenjamade.cz\/wp-content\/uploads\/2020\/11\/IMG_2488-1536x1536.jpg 1536w, https:\/\/www.lenjamade.cz\/wp-content\/uploads\/2020\/11\/IMG_2488-2048x2048.jpg 2048w, https:\/\/www.lenjamade.cz\/wp-content\/uploads\/2020\/11\/IMG_2488-100x100.jpg 100w\" sizes=\"auto, (max-width: 706px) 89vw, (max-width: 767px) 82vw, 740px\" \/><\/figure><\/li><li class=\"blocks-gallery-item\"><figure><img loading=\"lazy\" decoding=\"async\" width=\"1024\" height=\"1024\" src=\"https:\/\/www.lenjamade.cz\/wp-content\/uploads\/2020\/11\/IMG_2487-1024x1024.jpg\" alt=\"\" data-id=\"1018\" data-full-url=\"https:\/\/www.lenjamade.cz\/wp-content\/uploads\/2020\/11\/IMG_2487-scaled.jpg\" data-link=\"http:\/\/www.lenjamade.cz\/img_2487\/\" class=\"wp-image-1018\" srcset=\"https:\/\/www.lenjamade.cz\/wp-content\/uploads\/2020\/11\/IMG_2487-1024x1024.jpg 1024w, https:\/\/www.lenjamade.cz\/wp-content\/uploads\/2020\/11\/IMG_2487-300x300.jpg 300w, https:\/\/www.lenjamade.cz\/wp-content\/uploads\/2020\/11\/IMG_2487-150x150.jpg 150w, https:\/\/www.lenjamade.cz\/wp-content\/uploads\/2020\/11\/IMG_2487-768x768.jpg 768w, https:\/\/www.lenjamade.cz\/wp-content\/uploads\/2020\/11\/IMG_2487-1536x1536.jpg 1536w, https:\/\/www.lenjamade.cz\/wp-content\/uploads\/2020\/11\/IMG_2487-2048x2048.jpg 2048w, https:\/\/www.lenjamade.cz\/wp-content\/uploads\/2020\/11\/IMG_2487-100x100.jpg 100w\" sizes=\"auto, (max-width: 706px) 89vw, (max-width: 767px) 82vw, 740px\" \/><\/figure><\/li><\/ul><\/figure>\n","protected":false},"excerpt":{"rendered":"<p>V\u0161e k zakoupen\u00ed v m\u00e9m Facebokov\u00e9m obchod\u011b<\/p>\n","protected":false},"author":1,"featured_media":0,"parent":0,"menu_order":0,"comment_status":"closed","ping_status":"closed","template":"","meta":{"footnotes":""},"class_list":["post-1438","page","type-page","status-publish","hentry"],"_links":{"self":[{"href":"https:\/\/www.lenjamade.cz\/index.php\/wp-json\/wp\/v2\/pages\/1438","targetHints":{"allow":["GET"]}}],"collection":[{"href":"https:\/\/www.lenjamade.cz\/index.php\/wp-json\/wp\/v2\/pages"}],"about":[{"href":"https:\/\/www.lenjamade.cz\/index.php\/wp-json\/wp\/v2\/types\/page"}],"author":[{"embeddable":true,"href":"https:\/\/www.lenjamade.cz\/index.php\/wp-json\/wp\/v2\/users\/1"}],"replies":[{"embeddable":true,"href":"https:\/\/www.lenjamade.cz\/index.php\/wp-json\/wp\/v2\/comments?post=1438"}],"version-history":[{"count":2,"href":"https:\/\/www.lenjamade.cz\/index.php\/wp-json\/wp\/v2\/pages\/1438\/revisions"}],"predecessor-version":[{"id":1450,"href":"https:\/\/www.lenjamade.cz\/index.php\/wp-json\/wp\/v2\/pages\/1438\/revisions\/1450"}],"wp:attachment":[{"href":"https:\/\/www.lenjamade.cz\/index.php\/wp-json\/wp\/v2\/media?parent=1438"}],"curies":[{"name":"wp","href":"https:\/\/api.w.org\/{rel}","templated":true}]}}